{"id":12617,"date":"2015-04-15T10:57:41","date_gmt":"2015-04-15T10:57:41","guid":{"rendered":"https:\/\/fdhcolombia.com\/contact-us\/"},"modified":"2024-04-18T18:06:18","modified_gmt":"2024-04-18T18:06:18","slug":"contacto","status":"publish","type":"page","link":"https:\/\/fdhcolombia.com\/es\/contacto\/","title":{"rendered":"Contacto y Donaciones"},"content":{"rendered":"<style type=\"text\/css\"> \n#cmsmasters_row_69e74e32b332a0_81248394 .cmsmasters_row_outer_parent { \n\tpadding-top: 100px; \n} \n\n#cmsmasters_row_69e74e32b332a0_81248394 .cmsmasters_row_outer_parent { \n\tpadding-bottom: 0px; \n} \n\n \n#cmsmasters_heading_69e74e32b38a63_26564832 { \n\ttext-align:left; \n\tmargin-top:0px; \n\tmargin-bottom:10px; \n} \n\n#cmsmasters_heading_69e74e32b38a63_26564832 .cmsmasters_heading { \n\ttext-align:left; \n} \n\n#cmsmasters_heading_69e74e32b38a63_26564832 .cmsmasters_heading, #cmsmasters_heading_69e74e32b38a63_26564832 .cmsmasters_heading a { \n\tfont-size:48px; \n\tfont-weight:300; \n\tfont-style:normal; \n} \n\n#cmsmasters_heading_69e74e32b38a63_26564832 .cmsmasters_heading_divider { \n} \n\n \n#cmsmasters_divider_69e74e32b39f09_61286369 { \n\tborder-bottom-width:0px; \n\tborder-bottom-style:solid; \n\tpadding-top:30px; \n\tmargin-bottom:0px; \n} \n \n#cmsmasters_heading_69e74e32b57c01_33355432 { \n\ttext-align:left; \n\tmargin-top:0px; \n\tmargin-bottom:20px; \n} \n\n#cmsmasters_heading_69e74e32b57c01_33355432 .cmsmasters_heading { \n\ttext-align:left; \n} \n\n#cmsmasters_heading_69e74e32b57c01_33355432 .cmsmasters_heading, #cmsmasters_heading_69e74e32b57c01_33355432 .cmsmasters_heading a { \n\tfont-family:'Lato'; \n\tfont-weight:bold; \n\tfont-style:normal; \n} \n\n#cmsmasters_heading_69e74e32b57c01_33355432 .cmsmasters_heading_divider { \n} \n\n \n#cmsmasters_heading_69e74e32b5b432_22919893 { \n\ttext-align:left; \n\tmargin-top:15px; \n\tmargin-bottom:20px; \n} \n\n#cmsmasters_heading_69e74e32b5b432_22919893 .cmsmasters_heading { \n\ttext-align:left; \n} \n\n#cmsmasters_heading_69e74e32b5b432_22919893 .cmsmasters_heading, #cmsmasters_heading_69e74e32b5b432_22919893 .cmsmasters_heading a { \n\tfont-family:'Lato'; \n\tfont-weight:bold; \n\tfont-style:normal; \n} \n\n#cmsmasters_heading_69e74e32b5b432_22919893 .cmsmasters_heading_divider { \n} \n\n #cmsmasters_icon_list_items_69e74e32b5c913_74207984 { \n\tpadding-left:40px; \n} \n\n#cmsmasters_icon_list_items_69e74e32b5c913_74207984 .cmsmasters_icon_list_item:before { \n\tfont-size:20px; \n\tleft:-40px; \n} \n#cmsmasters_icon_list_items_69e74e32b5c913_74207984 .cmsmasters_icon_list_item { \n\tline-height:30px; \n\tpadding:0; \n} \n\n#cmsmasters_icon_list_items_69e74e32b5c913_74207984 .cmsmasters_icon_list_item:before { \n\tline-height:30px; \n\ttop:0; \n} \n\n.cmsmasters_icon_list_items #cmsmasters_icon_list_item_69e74e32b5e645_04869938:before { \n\tcolor:#84d553;\n} \n \n#cmsmasters_divider_69e74e32b5f7e8_72915400 { \n\tborder-bottom-width:1px; \n\tborder-bottom-style:solid; \n\tpadding-top:10px; \n\tmargin-bottom:10px; \n} \n #cmsmasters_icon_list_items_69e74e32b60889_66314969 { \n\tpadding-left:40px; \n} \n\n#cmsmasters_icon_list_items_69e74e32b60889_66314969 .cmsmasters_icon_list_item:before { \n\tfont-size:20px; \n\tleft:-40px; \n} \n\n.cmsmasters_icon_list_items #cmsmasters_icon_list_item_69e74e32b61cb5_77827875:before { \n\tcolor:#84d553;\n} \n \n#cmsmasters_divider_69e74e32b62d49_40078482 { \n\tborder-bottom-width:1px; \n\tborder-bottom-style:solid; \n\tpadding-top:10px; \n\tmargin-bottom:10px; \n} \n #cmsmasters_icon_list_items_69e74e32b63ca0_71435885 { \n\tpadding-left:40px; \n} \n\n#cmsmasters_icon_list_items_69e74e32b63ca0_71435885 .cmsmasters_icon_list_item:before { \n\tfont-size:20px; \n\tleft:-40px; \n} \n\n.cmsmasters_icon_list_items #cmsmasters_icon_list_item_69e74e32b64f17_36323000:before { \n\tcolor:#84d553;\n} \n \n#cmsmasters_divider_69e74e32b660a0_42968847 { \n\tborder-bottom-width:1px; \n\tborder-bottom-style:solid; \n\tpadding-top:10px; \n\tmargin-bottom:10px; \n} \n #cmsmasters_icon_list_items_69e74e32b66fe1_97081978 { \n\tpadding-left:40px; \n} \n\n#cmsmasters_icon_list_items_69e74e32b66fe1_97081978 .cmsmasters_icon_list_item:before { \n\tfont-size:20px; \n\tleft:-40px; \n} \n\n.cmsmasters_icon_list_items #cmsmasters_icon_list_item_69e74e32b68203_20480570:before { \n\tcolor:#84d553;\n} \n \n#cmsmasters_divider_69e74e32b69e12_39141526 { \n\tborder-bottom-width:1px; \n\tborder-bottom-style:solid; \n\tpadding-top:10px; \n\tmargin-bottom:10px; \n} \n \n#cmsmasters_row_69e74e32b6b3a9_41104199 .cmsmasters_row_outer_parent { \n\tpadding-top: 0px; \n} \n\n#cmsmasters_row_69e74e32b6b3a9_41104199 .cmsmasters_row_outer_parent { \n\tpadding-bottom: 50px; \n} \n\n \n#cmsmasters_divider_69e74e32b6f0f9_31877738 { \n\tborder-bottom-width:1px; \n\tborder-bottom-style:solid; \n\tpadding-top:50px; \n\tmargin-bottom:50px; \n} \n \n#cmsmasters_row_69e74e32b70b53_66647636 .cmsmasters_row_outer_parent { \n\tpadding-top: 0px; \n} \n\n#cmsmasters_row_69e74e32b70b53_66647636 .cmsmasters_row_outer_parent { \n\tpadding-bottom: 50px; \n} \n\n\n#cmsmasters_paypal_donations_69e74e32b78509_50740035 { \n\ttext-align:center; \n} \n\n#cmsmasters_paypal_donations_69e74e32b78509_50740035 .cmsmasters_button:before { \n\tmargin-right:.5em; \n\tmargin-left:0; \n\tvertical-align:baseline; \n} \n\n#cmsmasters_paypal_donations_69e74e32b78509_50740035 .cmsmasters_button { \n\tfont-family:'Open Sans'; \n\tfont-size:14px; \n\tfont-weight:lighter; \n\tfont-style:normal; \n\tborder-style:solid; \n\tbackground-color:#0070ba;\n} \n#cmsmasters_paypal_donations_69e74e32b78509_50740035 form:hover + .cmsmasters_button { \n\tbackground-color:#00aded;\n} \n<\/style><div id=\"cmsmasters_row_69e74e32b2e568_26749369\" class=\"cmsmasters_row cmsmasters_color_scheme_default cmsmasters_row_top_default cmsmasters_row_bot_default cmsmasters_row_boxed\">\n<div class=\"cmsmasters_row_outer_parent\">\n<div class=\"cmsmasters_row_outer\">\n<div class=\"cmsmasters_row_inner\">\n<div class=\"cmsmasters_row_margin\">\n<div class=\"cmsmasters_column one_first\">\n<div class=\"cmsmasters_text\">\n<p>&nbsp;<\/p>\n<\/div>\n<\/div>\n<\/div>\n<\/div>\n<\/div>\n<\/div>\n<\/div>\n<div id=\"cmsmasters_row_69e74e32b332a0_81248394\" class=\"cmsmasters_row cmsmasters_color_scheme_default cmsmasters_row_top_default cmsmasters_row_bot_default cmsmasters_row_boxed\">\n<div class=\"cmsmasters_row_outer_parent\">\n<div class=\"cmsmasters_row_outer\">\n<div class=\"cmsmasters_row_inner\">\n<div class=\"cmsmasters_row_margin\">\n<div class=\"cmsmasters_column two_third\">\n\n<div id=\"cmsmasters_heading_69e74e32b38a63_26564832\" class=\"cmsmasters_heading_wrap cmsmasters_heading_align_left\">\n\t<h1 class=\"cmsmasters_heading\">Formulario de contacto<\/h1>\n<\/div>\n\n<div id=\"cmsmasters_divider_69e74e32b39f09_61286369\" class=\"cl\"><\/div>\n<div class=\"cmsmasters_contact_form\"><div class=\"cmsmasters-form-builder\">\n<div class=\"cmsmasters_notice cmsmasters_notice_success cmsmasters_theme_icon_check success_box\" style=\"display:none;\">\n<div class=\"notice_icon\"><\/div>\n<div class=\"notice_content\">\n<p>Thank You! <br \/>Your message has been sent successfully.<br \/><br \/>\u00a1Gracias!<br \/>Su mensaje ha sido enviado con \u00e9xito.<\/p>\n<\/div>\n<\/div>\n<script type=\"text\/javascript\"> \njQuery(document).ready(function () { \n\tjQuery('#form_164').validationEngine('attach', { \n\t\tpromptPosition : 'topRight', \n\t\tscroll : false, \n\t\tautoPositionUpdate : true, \n\t\tshowArrow : false \n\t\t} ); \n\tjQuery('#form_164 a#cmsmasters_164_formsend').click(function () { \n\t\tjQuery('#form_164 .loading').animate( { opacity : 1 } , 250); \n\t\tif (jQuery('#form_164').validationEngine('validate')) { \n\t\t\tjQuery.post('https:\/\/fdhcolombia.com\/wp-content\/plugins\/cmsmasters-contact-form-builder\/inc\/form-builder-sendmail.php', { \n\t\t\t\tcmsmasters_name_nombre : jQuery('#cmsmasters_name_nombre').val(), \n\t\t\t\tcmsmasters_email_correo_electrnico : jQuery('#cmsmasters_email_correo_electrnico').val(), \n\t\t\t\tcmsmasters_message_mensaje : jQuery('#cmsmasters_message_mensaje').val(), \n\t\t\t\tcontactemail : 'MTY0fGZ1bmRhY2lvbmRlbmlzaGVpbHBvcm5AZ21haWwuY29tfDE2NA==', \n\t\t\t\tformname : '164', \r\t\t\tfromname : 'Contact Form Fundacion' \r\t\t\t}, function (data) { \n\t\t\t\tjQuery('#form_164 .loading').animate( { opacity : 0 } , 250); \n\t\t\t\tjQuery('#form_164').fadeOut('slow'); \n\t\t\t\tdocument.getElementById('form_164').reset(); \n\t\t\t\tjQuery('#form_164').parent().find('.box').hide(); \n\t\t\t\tjQuery('#form_164').parent().find('.success_box').fadeIn('fast'); \n\t\t\t\tjQuery('html, body').animate( { scrollTop : jQuery('#form_164').offset().top - 140 } , 'slow'); \n\t\t\t\tjQuery('#form_164').parent().find('.success_box').delay(5000).fadeOut(1000, function () { \n\t\t\t\t\tjQuery('#form_164').fadeIn('slow'); \r\t\t\t\t} ); \r\t\t\t} ); \n\t\t\treturn false; \r\t\t} else { \n\t\t\tjQuery('#form_164 .loading').animate( { opacity : 0 } , 250); \n\t\t\treturn false; \r\t\t} \r\t} ); \r} ); \n<\/script>\n<form action=\"#\" method=\"post\" id=\"form_164\">\n\n<div class=\"form_info cmsmasters_input one_half\">\n\t<label for=\"cmsmasters_name_nombre\">Name | Nombre <span class=\"color_2\">*<\/span><\/label>\n\t<div class=\"form_field_wrap\">\n\t\t<input type=\"text\" name=\"cmsmasters_name_nombre\" id=\"cmsmasters_name_nombre\" value=\"\" size=\"35\" class=\"validate[required]\" \/>\r\t<\/div>\n<\/div>\n<div class=\"form_info cmsmasters_input one_half\">\n\t<label for=\"cmsmasters_email_correo_electrnico\">Email | Correo electr\u00f3nico <span class=\"color_2\">*<\/span><\/label>\n\t<div class=\"form_field_wrap\">\n\t\t<input type=\"text\" name=\"cmsmasters_email_correo_electrnico\" id=\"cmsmasters_email_correo_electrnico\" value=\"\" size=\"35\" class=\"validate[required]\" \/>\r\t<\/div>\n<\/div>\n<div class=\"form_info cmsmasters_textarea one_first\">\n\t<label for=\"cmsmasters_message_mensaje\">Message | Mensaje <span class=\"color_2\">*<\/span><\/label>\n\t<div class=\"form_field_wrap\">\n\t\t<textarea name=\"cmsmasters_message_mensaje\" id=\"cmsmasters_message_mensaje\" cols=\"60\" rows=\"10\" class=\"validate[required]\"><\/textarea>\r\t<\/div>\n<\/div>\n<div class=\"cl\"><\/div>\n<div class=\"loading\"><\/div>\n<div class=\"form_info submit_wrap\">\n<a id=\"cmsmasters_164_formsend\" class=\"cmsmasters_button\" href=\"#\"><span>Send | Enviar<\/span><\/a>\n<\/div>\n<div class=\"cl\"><\/div>\n<\/form>\n<\/div><\/div>\n<\/div>\n<div class=\"cmsmasters_column one_third\">\n\n<div id=\"cmsmasters_heading_69e74e32b57c01_33355432\" class=\"cmsmasters_heading_wrap cmsmasters_heading_align_left\">\n\t<h4 class=\"cmsmasters_heading\">SOBRE NOSOTROS<\/h4>\n<\/div><div class=\"cmsmasters_text\">\n<p>El Sr. Javier Palacio, ex diplom\u00e1tico colombiano en B\u00e9lgica, dirige la fundaci\u00f3n desde 2010. Mientras supervisa las operaciones desde B\u00e9lgica, viaja regularmente por sus propios medios a Colombia para apoyar al personal local.<\/p>\n<p><a href=\"https:\/\/fdhcolombia.com\/wp-content\/uploads\/2024\/04\/REGISTRO-WEB-ESAL-FDHCOLOMBIA-v2.pdf\">REGISTRO WEB ESAL -FDHCOLOMBIA<\/a><\/p>\n<\/div>\n\n<div id=\"cmsmasters_heading_69e74e32b5b432_22919893\" class=\"cmsmasters_heading_wrap cmsmasters_heading_align_left\">\n\t<h4 class=\"cmsmasters_heading\">INFORMACI\u00d3N DE CONTACTO<\/h4>\n<\/div> \n<ul id=\"cmsmasters_icon_list_items_69e74e32b5c913_74207984\" class=\"cmsmasters_icon_list_items cmsmasters_icon_list_type_list cmsmasters_icon_list_pos_left cmsmasters_color_type_border\"><li id=\"cmsmasters_icon_list_item_69e74e32b5e645_04869938\" class=\"cmsmasters_icon_list_item cmsmasters-icon-phone-4\">+32 477 26 17 55<\/li><\/ul>\n\n<div id=\"cmsmasters_divider_69e74e32b5f7e8_72915400\" class=\"cmsmasters_divider cmsmasters_divider_width_long cmsmasters_divider_pos_left\"><\/div>\n \n<ul id=\"cmsmasters_icon_list_items_69e74e32b60889_66314969\" class=\"cmsmasters_icon_list_items cmsmasters_icon_list_type_list cmsmasters_icon_list_pos_left cmsmasters_color_type_border\"><li id=\"cmsmasters_icon_list_item_69e74e32b61cb5_77827875\" class=\"cmsmasters_icon_list_item cmsmasters-icon-location-3\">Troncal del Caribe, KM 72, before Puente Rio Palomino, Marquetalia, Magdalena, Colombia<\/li><\/ul>\n\n<div id=\"cmsmasters_divider_69e74e32b62d49_40078482\" class=\"cmsmasters_divider cmsmasters_divider_width_long cmsmasters_divider_pos_left\"><\/div>\n \n<ul id=\"cmsmasters_icon_list_items_69e74e32b63ca0_71435885\" class=\"cmsmasters_icon_list_items cmsmasters_icon_list_type_list cmsmasters_icon_list_pos_left cmsmasters_color_type_border\"><li id=\"cmsmasters_icon_list_item_69e74e32b64f17_36323000\" class=\"cmsmasters_icon_list_item cmsmasters-icon-mail-3\">fundaciondenisheilporn@gmail.com<\/li><\/ul>\n\n<div id=\"cmsmasters_divider_69e74e32b660a0_42968847\" class=\"cmsmasters_divider cmsmasters_divider_width_long cmsmasters_divider_pos_left\"><\/div>\n \n<ul id=\"cmsmasters_icon_list_items_69e74e32b66fe1_97081978\" class=\"cmsmasters_icon_list_items cmsmasters_icon_list_type_list cmsmasters_icon_list_pos_left cmsmasters_color_type_border\"><li id=\"cmsmasters_icon_list_item_69e74e32b68203_20480570\" class=\"cmsmasters_icon_list_item cmsmasters-icon-time\">Todos los d\u00edas: 10:00am - 6:00pm<\/li><\/ul>\n\n<div id=\"cmsmasters_divider_69e74e32b69e12_39141526\" class=\"cmsmasters_divider cmsmasters_divider_width_long cmsmasters_divider_pos_left\"><\/div>\n<\/div>\n<\/div>\n<\/div>\n<\/div>\n<\/div>\n<\/div>\n<div id=\"cmsmasters_row_69e74e32b6b3a9_41104199\" class=\"cmsmasters_row cmsmasters_color_scheme_default cmsmasters_row_top_default cmsmasters_row_bot_default cmsmasters_row_boxed\">\n<div class=\"cmsmasters_row_outer_parent\">\n<div class=\"cmsmasters_row_outer\">\n<div class=\"cmsmasters_row_inner\">\n<div class=\"cmsmasters_row_margin\">\n<div class=\"cmsmasters_column one_first\">\n\n<div id=\"cmsmasters_divider_69e74e32b6f0f9_31877738\" class=\"cmsmasters_divider cmsmasters_divider_width_long cmsmasters_divider_pos_center\"><\/div>\n<div class=\"cmsmasters_text\">\n<h1 id=\"donar\">Donaciones<\/h1>\n<\/div>\n<\/div>\n<\/div>\n<\/div>\n<\/div>\n<\/div>\n<\/div>\n<div id=\"cmsmasters_row_69e74e32b70b53_66647636\" class=\"cmsmasters_row cmsmasters_color_scheme_default cmsmasters_row_top_default cmsmasters_row_bot_default cmsmasters_row_boxed\">\n<div class=\"cmsmasters_row_outer_parent\">\n<div class=\"cmsmasters_row_outer\">\n<div class=\"cmsmasters_row_inner\">\n<div class=\"cmsmasters_row_margin\">\n<div class=\"cmsmasters_column one_third\">\n<div class=\"cmsmasters_text\">\n<h3>N\u00famero de cuenta Europa<\/h3>\n<p><strong>IBAN: <\/strong>BE31 3631 2520 9155<\/p>\n<p><strong>BIC: <\/strong>BBRUBEBB<\/p>\n<p><strong>Beneficiario: <\/strong>Fondation Denis Heilporn<\/p>\n<\/div>\n<\/div>\n<div class=\"cmsmasters_column one_third\">\n<div class=\"cmsmasters_text\">\n<h3>N\u00famero de cuenta Colombia<\/h3>\n<p><strong>Cuenta Corriente:<\/strong> BBVA Bogot\u00e1 897011763<\/p>\n<p><strong>Beneficiario: <\/strong>Fundaci\u00f3n Denis Heilporn |\u00a0NIT900331670-1<\/p>\n<\/div>\n<\/div>\n<div class=\"cmsmasters_column one_third\">\n<div class=\"cmsmasters_text\">\n<h3>Donar con PayPal<\/h3>\n<\/div>\n\n<div id=\"cmsmasters_paypal_donations_69e74e32b78509_50740035\" class=\"cmsmasters_paypal_donations_wrap\">\n<div class=\"cmsmasters_paypal_donations\">\n<!-- Begin PayPal Donations by https:\/\/www.tipsandtricks-hq.com\/paypal-donations-widgets-plugin --> <form action=\"https:\/\/www.paypal.com\/cgi-bin\/webscr\" method=\"post\" target=\"_blank\"> <div class=\"paypal-donations\"> <input type=\"hidden\" name=\"cmd\" value=\"_donations\" \/> <input type=\"hidden\" name=\"bn\" value=\"TipsandTricks_SP\" \/> <input type=\"hidden\" name=\"business\" value=\"fundaciondenisheilporn@gmail.com\" \/> <input type=\"hidden\" name=\"return\" value=\"\/thankyou\/\" \/> <input type=\"hidden\" name=\"rm\" value=\"0\" \/> <input type=\"hidden\" name=\"currency_code\" value=\"USD\" \/> <input type=\"image\" style=\"cursor: pointer;\" src=\"https:\/\/www.paypalobjects.com\/en_US\/i\/btn\/btn_donateCC_LG.gif\" name=\"submit\" alt=\"PayPal - The safer, easier way to pay online.\" \/> <img loading=\"lazy\" decoding=\"async\" alt=\"\" src=\"https:\/\/www.paypalobjects.com\/en_US\/i\/scr\/pixel.gif\" width=\"1\" height=\"1\" \/> <\/div> <\/form> <!-- End PayPal Donations --><span class=\"cmsmasters_button cmsmasters-icon-paypal\"><span>Donar<\/span><\/span><\/div>\n<\/div>\n<\/div>\n<\/div>\n<\/div>\n<\/div>\n<\/div>\n<\/div>\n\n","protected":false},"excerpt":{"rendered":"","protected":false},"author":1,"featured_media":0,"parent":0,"menu_order":0,"comment_status":"closed","ping_status":"closed","template":"","meta":{"_monsterinsights_skip_tracking":false,"_monsterinsights_sitenote_active":false,"_monsterinsights_sitenote_note":"","_monsterinsights_sitenote_category":0,"footnotes":""},"class_list":["post-12617","page","type-page","status-publish","hentry"],"yoast_head":"<!-- This site is optimized with the Yoast SEO plugin v26.8 - https:\/\/yoast.com\/product\/yoast-seo-wordpress\/ -->\n<title>Contacto y Donaciones - Fundacion DH Colombia<\/title>\n<meta name=\"robots\" content=\"index, follow, max-snippet:-1, max-image-preview:large, max-video-preview:-1\" \/>\n<link rel=\"canonical\" href=\"https:\/\/fdhcolombia.com\/es\/contacto\/\" \/>\n<meta property=\"og:locale\" content=\"es_ES\" \/>\n<meta property=\"og:type\" content=\"article\" \/>\n<meta property=\"og:title\" content=\"Contacto y Donaciones - Fundacion DH Colombia\" \/>\n<meta property=\"og:url\" content=\"https:\/\/fdhcolombia.com\/es\/contacto\/\" \/>\n<meta property=\"og:site_name\" content=\"Fundacion DH Colombia\" \/>\n<meta property=\"article:modified_time\" content=\"2024-04-18T18:06:18+00:00\" \/>\n<meta name=\"twitter:card\" content=\"summary_large_image\" \/>\n<meta name=\"twitter:label1\" content=\"Tiempo de lectura\" \/>\n\t<meta name=\"twitter:data1\" content=\"3 minutos\" \/>\n<script type=\"application\/ld+json\" class=\"yoast-schema-graph\">{\"@context\":\"https:\/\/schema.org\",\"@graph\":[{\"@type\":\"WebPage\",\"@id\":\"https:\/\/fdhcolombia.com\/es\/contacto\/\",\"url\":\"https:\/\/fdhcolombia.com\/es\/contacto\/\",\"name\":\"Contacto y Donaciones - Fundacion DH Colombia\",\"isPartOf\":{\"@id\":\"https:\/\/fdhcolombia.com\/#website\"},\"datePublished\":\"2015-04-15T10:57:41+00:00\",\"dateModified\":\"2024-04-18T18:06:18+00:00\",\"breadcrumb\":{\"@id\":\"https:\/\/fdhcolombia.com\/es\/contacto\/#breadcrumb\"},\"inLanguage\":\"es\",\"potentialAction\":[{\"@type\":\"ReadAction\",\"target\":[\"https:\/\/fdhcolombia.com\/es\/contacto\/\"]}]},{\"@type\":\"BreadcrumbList\",\"@id\":\"https:\/\/fdhcolombia.com\/es\/contacto\/#breadcrumb\",\"itemListElement\":[{\"@type\":\"ListItem\",\"position\":1,\"name\":\"Home\",\"item\":\"https:\/\/fdhcolombia.com\/es\/\"},{\"@type\":\"ListItem\",\"position\":2,\"name\":\"Contacto y Donaciones\"}]},{\"@type\":\"WebSite\",\"@id\":\"https:\/\/fdhcolombia.com\/#website\",\"url\":\"https:\/\/fdhcolombia.com\/\",\"name\":\"Fundacion DH Colombia\",\"description\":\"Helping Colombian children in need\",\"potentialAction\":[{\"@type\":\"SearchAction\",\"target\":{\"@type\":\"EntryPoint\",\"urlTemplate\":\"https:\/\/fdhcolombia.com\/?s={search_term_string}\"},\"query-input\":{\"@type\":\"PropertyValueSpecification\",\"valueRequired\":true,\"valueName\":\"search_term_string\"}}],\"inLanguage\":\"es\"}]}<\/script>\n<!-- \/ Yoast SEO plugin. -->","yoast_head_json":{"title":"Contacto y Donaciones - Fundacion DH Colombia","robots":{"index":"index","follow":"follow","max-snippet":"max-snippet:-1","max-image-preview":"max-image-preview:large","max-video-preview":"max-video-preview:-1"},"canonical":"https:\/\/fdhcolombia.com\/es\/contacto\/","og_locale":"es_ES","og_type":"article","og_title":"Contacto y Donaciones - Fundacion DH Colombia","og_url":"https:\/\/fdhcolombia.com\/es\/contacto\/","og_site_name":"Fundacion DH Colombia","article_modified_time":"2024-04-18T18:06:18+00:00","twitter_card":"summary_large_image","twitter_misc":{"Tiempo de lectura":"3 minutos"},"schema":{"@context":"https:\/\/schema.org","@graph":[{"@type":"WebPage","@id":"https:\/\/fdhcolombia.com\/es\/contacto\/","url":"https:\/\/fdhcolombia.com\/es\/contacto\/","name":"Contacto y Donaciones - Fundacion DH Colombia","isPartOf":{"@id":"https:\/\/fdhcolombia.com\/#website"},"datePublished":"2015-04-15T10:57:41+00:00","dateModified":"2024-04-18T18:06:18+00:00","breadcrumb":{"@id":"https:\/\/fdhcolombia.com\/es\/contacto\/#breadcrumb"},"inLanguage":"es","potentialAction":[{"@type":"ReadAction","target":["https:\/\/fdhcolombia.com\/es\/contacto\/"]}]},{"@type":"BreadcrumbList","@id":"https:\/\/fdhcolombia.com\/es\/contacto\/#breadcrumb","itemListElement":[{"@type":"ListItem","position":1,"name":"Home","item":"https:\/\/fdhcolombia.com\/es\/"},{"@type":"ListItem","position":2,"name":"Contacto y Donaciones"}]},{"@type":"WebSite","@id":"https:\/\/fdhcolombia.com\/#website","url":"https:\/\/fdhcolombia.com\/","name":"Fundacion DH Colombia","description":"Helping Colombian children in need","potentialAction":[{"@type":"SearchAction","target":{"@type":"EntryPoint","urlTemplate":"https:\/\/fdhcolombia.com\/?s={search_term_string}"},"query-input":{"@type":"PropertyValueSpecification","valueRequired":true,"valueName":"search_term_string"}}],"inLanguage":"es"}]}},"_links":{"self":[{"href":"https:\/\/fdhcolombia.com\/es\/wp-json\/wp\/v2\/pages\/12617","targetHints":{"allow":["GET"]}}],"collection":[{"href":"https:\/\/fdhcolombia.com\/es\/wp-json\/wp\/v2\/pages"}],"about":[{"href":"https:\/\/fdhcolombia.com\/es\/wp-json\/wp\/v2\/types\/page"}],"author":[{"embeddable":true,"href":"https:\/\/fdhcolombia.com\/es\/wp-json\/wp\/v2\/users\/1"}],"replies":[{"embeddable":true,"href":"https:\/\/fdhcolombia.com\/es\/wp-json\/wp\/v2\/comments?post=12617"}],"version-history":[{"count":9,"href":"https:\/\/fdhcolombia.com\/es\/wp-json\/wp\/v2\/pages\/12617\/revisions"}],"predecessor-version":[{"id":13953,"href":"https:\/\/fdhcolombia.com\/es\/wp-json\/wp\/v2\/pages\/12617\/revisions\/13953"}],"wp:attachment":[{"href":"https:\/\/fdhcolombia.com\/es\/wp-json\/wp\/v2\/media?parent=12617"}],"curies":[{"name":"wp","href":"https:\/\/api.w.org\/{rel}","templated":true}]}}