{"id":12609,"date":"2016-01-29T15:42:43","date_gmt":"2016-01-29T15:42:43","guid":{"rendered":"https:\/\/fdhcolombia.com\/support-us\/"},"modified":"2021-10-25T16:38:21","modified_gmt":"2021-10-25T16:38:21","slug":"como-ayudar","status":"publish","type":"page","link":"https:\/\/fdhcolombia.com\/es\/como-ayudar\/","title":{"rendered":"Proyectos"},"content":{"rendered":"<style type=\"text\/css\"> \n#cmsmasters_row_69e74d5d3e56c3_80732442 { \n\tbackground-color:#fafafa;\n} \n\n#cmsmasters_row_69e74d5d3e56c3_80732442 .cmsmasters_row_outer_parent { \n\tpadding-top: 100px; \n} \n\n#cmsmasters_row_69e74d5d3e56c3_80732442 .cmsmasters_row_outer_parent { \n\tpadding-bottom: 90px; \n} \n\n \n#cmsmasters_heading_69e74d5d3ed402_66881554 { \n\ttext-align:center; \n\tmargin-top:0px; \n\tmargin-bottom:70px; \n} \n\n#cmsmasters_heading_69e74d5d3ed402_66881554 .cmsmasters_heading { \n\ttext-align:center; \n} \n\n#cmsmasters_heading_69e74d5d3ed402_66881554 .cmsmasters_heading, #cmsmasters_heading_69e74d5d3ed402_66881554 .cmsmasters_heading a { \n\tfont-size:20px; \n\tfont-weight:300; \n\tfont-style:normal; \n} \n\n#cmsmasters_heading_69e74d5d3ed402_66881554 .cmsmasters_heading_divider { \n} \n\n<\/style><div id=\"cmsmasters_row_69e74d5d3e56c3_80732442\" class=\"cmsmasters_row cmsmasters_color_scheme_default cmsmasters_row_top_default cmsmasters_row_bot_default cmsmasters_row_boxed\">\n<div class=\"cmsmasters_row_outer_parent\">\n<div class=\"cmsmasters_row_outer\">\n<div class=\"cmsmasters_row_inner\">\n<div class=\"cmsmasters_row_margin\">\n<div class=\"cmsmasters_column one_first\">\n\n<div id=\"cmsmasters_heading_69e74d5d3ed402_66881554\" class=\"cmsmasters_heading_wrap cmsmasters_heading_align_center\">\n\t<h3 class=\"cmsmasters_heading\">Su generosa contribuci\u00f3n ayudar\u00e1 a sostener los diversos proyectos de la fundaci\u00f3n<\/h3>\n<\/div>\n<div class=\"cmsmasters_wrap_portfolio entry-summary\" id=\"portfolio_69e74d5d3f28b\">\r\n<script type=\"text\/javascript\">\r\njQuery(document).ready(function () {\r\n(function ($) {\r\n\tif ($('#portfolio_69e74d5d3f28b').find('article').length == '0') {\r\n\t\treturn false;\r\n\t}\r\n\t\r\n\r\n\tstartPortfolio( \r\n\t\t'69e74d5d3f28b', \r\n\t\t'grid', \r\n\t\t'perfect', \r\n\t\t'https:\/\/fdhcolombia.com\/wp-content\/plugins\/cmsmasters-content-composer\/', \r\n\t\t'menu_order', \r\n\t\t'ASC', \r\n\t\t'10', \r\n\t\t'covid-19,education,food-and-supplies,protecting-nature,tourism', \r\n\t\t'title,excerpt,categories,comments,likes,rollover,hover_icon,cmsmasters-icon-heart-3' \r\n\t);\r\n} )(jQuery);\r\n} );\r\n<\/script>\r\n<div class=\"portfolio grid large_gap perfect cmsmasters_3\">\r\n<!-- Start Standard Project -->\r\n\r\n<article id=\"post-13201\" class=\"cmsmasters_project_grid post-13201 project type-project status-publish format-standard has-post-thumbnail hentry pj-categs-education\" data-category=\"education\">\r\n\t<div class=\"project_outer\">\r\n\t<figure class=\"cmsmasters_img_rollover_wrap preloader\"><img loading=\"lazy\" decoding=\"async\" width=\"580\" height=\"490\" src=\"https:\/\/fdhcolombia.com\/wp-content\/uploads\/2021\/01\/WhatsApp-Image-2021-10-24-at-17.13.46-580x490.jpeg\" class=\"full-width wp-post-image\" alt=\"Proyecto Educativo | Termina tu bachillerato\" title=\"Proyecto Educativo | Termina tu bachillerato\" \/><div class=\"cmsmasters_img_rollover\"><a href=\"https:\/\/fdhcolombia.com\/es\/project\/asistencia-para-ninos-con-dificultades-de-aprendizaje\/\" title=\"Proyecto Educativo | Termina tu bachillerato\" class=\"cmsmasters_open_post_link cmsmasters-icon-heart-3\"><\/a><\/div><\/figure><div class=\"project_inner\"><header class=\"cmsmasters_project_header entry-header\"><h3 class=\"cmsmasters_project_title entry-title\"><a href=\"https:\/\/fdhcolombia.com\/es\/project\/asistencia-para-ninos-con-dificultades-de-aprendizaje\/\">Proyecto Educativo | Termina tu bachillerato<\/a><\/h3><\/header><div class=\"cmsmasters_project_cont_info entry-meta\"><span class=\"cmsmasters_project_category\"><a href=\"https:\/\/fdhcolombia.com\/es\/pj-categs\/education\/\" class=\"cmsmasters_cat_color cmsmasters_cat_19\" rel=\"category tag\">Education<\/a><\/span><\/div><div class=\"cmsmasters_project_content entry-content\">\n<p>Nuestro principal objetivo con este proyecto es apoyar a los ni\u00f1os con dificultades de aprendizaje para que se grad\u00faen del bachillerato.<\/p>\n<\/div>\n<footer class=\"cmsmasters_project_footer entry-meta\"><span class=\"cmsmasters_likes cmsmasters_project_likes\"><a href=\"#\" onclick=\"cmsmasters_like(13201); return false;\" id=\"cmsmastersLike-13201\" class=\"cmsmastersLike cmsmasters_theme_icon_like\"><span>4<\/span><\/a><\/span><\/footer><\/div><span class=\"dn meta-date\">20210106231506<\/span>\t<\/div>\r\n<\/article>\r\n<!-- Finish Standard Project -->\r\n\r\n\r\n<!-- Start Standard Project -->\r\n\r\n<article id=\"post-13661\" class=\"cmsmasters_project_grid post-13661 project type-project status-publish format-standard has-post-thumbnail hentry pj-categs-education\" data-category=\"education\">\r\n\t<div class=\"project_outer\">\r\n\t<figure class=\"cmsmasters_img_rollover_wrap preloader\"><img loading=\"lazy\" decoding=\"async\" width=\"580\" height=\"416\" src=\"https:\/\/fdhcolombia.com\/wp-content\/uploads\/2021\/12\/WhatsApp-Image-2021-12-30-at-23.07.18-580x416.jpeg\" class=\"full-width wp-post-image\" alt=\"Proyecto de Construccion 2022\" title=\"Proyecto de Construccion 2022\" \/><div class=\"cmsmasters_img_rollover\"><a href=\"https:\/\/fdhcolombia.com\/es\/project\/proyecto-de-construccion-2022\/\" target=\"_blank\" title=\"Proyecto de Construccion 2022\" class=\"cmsmasters_open_post_link cmsmasters-icon-heart-3\"><\/a><\/div><\/figure><div class=\"project_inner\"><header class=\"cmsmasters_project_header entry-header\"><h3 class=\"cmsmasters_project_title entry-title\"><a href=\"https:\/\/fdhcolombia.com\/es\/project\/proyecto-de-construccion-2022\/\" target=\"_blank\">Proyecto de Construccion 2022<\/a><\/h3><\/header><div class=\"cmsmasters_project_cont_info entry-meta\"><span class=\"cmsmasters_project_category\"><a href=\"https:\/\/fdhcolombia.com\/es\/pj-categs\/education\/\" class=\"cmsmasters_cat_color cmsmasters_cat_19\" rel=\"category tag\">Education<\/a><\/span><\/div><div class=\"cmsmasters_project_content entry-content\">\n<p>Hace 6 meses pudimos continuar la construcci\u00f3n de la bibliotheca y sal\u00f3n de tareas.<\/p>\n<\/div>\n<footer class=\"cmsmasters_project_footer entry-meta\"><span class=\"cmsmasters_likes cmsmasters_project_likes\"><a href=\"#\" onclick=\"cmsmasters_like(13661); return false;\" id=\"cmsmastersLike-13661\" class=\"cmsmastersLike cmsmasters_theme_icon_like\"><span>3<\/span><\/a><\/span><\/footer><\/div><span class=\"dn meta-date\">20220114234914<\/span>\t<\/div>\r\n<\/article>\r\n<!-- Finish Standard Project -->\r\n\r\n\r\n<!-- Start Standard Project -->\r\n\r\n<article id=\"post-13215\" class=\"cmsmasters_project_grid post-13215 project type-project status-publish format-standard has-post-thumbnail hentry pj-categs-education pj-categs-food-and-supplies\" data-category=\"education food-and-supplies\">\r\n\t<div class=\"project_outer\">\r\n\t<figure class=\"cmsmasters_img_rollover_wrap preloader\"><img loading=\"lazy\" decoding=\"async\" width=\"580\" height=\"490\" src=\"https:\/\/fdhcolombia.com\/wp-content\/uploads\/2021\/01\/DSCF1921-Medium-580x490.jpg\" class=\"full-width wp-post-image\" alt=\"Un huerto para todos\" title=\"Un huerto para todos\" \/><div class=\"cmsmasters_img_rollover\"><a href=\"https:\/\/fdhcolombia.com\/es\/project\/un-huerto-para-todos\/\" target=\"_blank\" title=\"Un huerto para todos\" class=\"cmsmasters_open_post_link cmsmasters-icon-heart-3\"><\/a><\/div><\/figure><div class=\"project_inner\"><header class=\"cmsmasters_project_header entry-header\"><h3 class=\"cmsmasters_project_title entry-title\"><a href=\"https:\/\/fdhcolombia.com\/es\/project\/un-huerto-para-todos\/\" target=\"_blank\">Un huerto para todos<\/a><\/h3><\/header><div class=\"cmsmasters_project_cont_info entry-meta\"><span class=\"cmsmasters_project_category\"><a href=\"https:\/\/fdhcolombia.com\/es\/pj-categs\/education\/\" class=\"cmsmasters_cat_color cmsmasters_cat_19\" rel=\"category tag\">Education<\/a>, <a href=\"https:\/\/fdhcolombia.com\/es\/pj-categs\/food-and-supplies\/\" class=\"cmsmasters_cat_color cmsmasters_cat_58\" rel=\"category tag\">Food and Supplies<\/a><\/span><\/div><div class=\"cmsmasters_project_content entry-content\">\n<p>Nuestra fundaci\u00f3n proporciona un espacio de horticultura para todos los que est\u00e9n dispuestos a aprender y contribuir. Nuestro objetivo es educar a la pr\u00f3xima generaci\u00f3n de Marquetalia en la agricultura.<\/p>\n<\/div>\n<footer class=\"cmsmasters_project_footer entry-meta\"><span class=\"cmsmasters_likes cmsmasters_project_likes\"><a href=\"#\" onclick=\"cmsmasters_like(13215); return false;\" id=\"cmsmastersLike-13215\" class=\"cmsmastersLike cmsmasters_theme_icon_like\"><span>3<\/span><\/a><\/span><\/footer><\/div><span class=\"dn meta-date\">20210106223542<\/span>\t<\/div>\r\n<\/article>\r\n<!-- Finish Standard Project -->\r\n\r\n\r\n<!-- Start Standard Project -->\r\n\r\n<article id=\"post-13250\" class=\"cmsmasters_project_grid post-13250 project type-project status-publish format-standard has-post-thumbnail hentry pj-categs-food-and-supplies\" data-category=\"food-and-supplies\">\r\n\t<div class=\"project_outer\">\r\n\t<figure class=\"cmsmasters_img_rollover_wrap preloader\"><img loading=\"lazy\" decoding=\"async\" width=\"580\" height=\"490\" src=\"https:\/\/fdhcolombia.com\/wp-content\/uploads\/2021\/01\/DSCF1856-Medium-580x490.jpg\" class=\"full-width wp-post-image\" alt=\"Siembra de \u00e1rboles frutales\" title=\"Siembra de \u00e1rboles frutales\" \/><div class=\"cmsmasters_img_rollover\"><a href=\"https:\/\/fdhcolombia.com\/es\/project\/plantacion-de-arboles-frutales\/\" target=\"_blank\" title=\"Siembra de \u00e1rboles frutales\" class=\"cmsmasters_open_post_link cmsmasters-icon-heart-3\"><\/a><\/div><\/figure><div class=\"project_inner\"><header class=\"cmsmasters_project_header entry-header\"><h3 class=\"cmsmasters_project_title entry-title\"><a href=\"https:\/\/fdhcolombia.com\/es\/project\/plantacion-de-arboles-frutales\/\" target=\"_blank\">Siembra de \u00e1rboles frutales<\/a><\/h3><\/header><div class=\"cmsmasters_project_cont_info entry-meta\"><span class=\"cmsmasters_project_category\"><a href=\"https:\/\/fdhcolombia.com\/es\/pj-categs\/food-and-supplies\/\" class=\"cmsmasters_cat_color cmsmasters_cat_58\" rel=\"category tag\">Food and Supplies<\/a><\/span><\/div><div class=\"cmsmasters_project_content entry-content\">\n<p>En el 2020, la FDH Colombia distribuy\u00f3 660 cajas de alimentos a la comunidad de Marquetalia. Como este esfuerzo llega a su fin en \u00e9ste 2021 intentamos seguir con un suministro de fruta sostenible para el futuro.<\/p>\n<\/div>\n<footer class=\"cmsmasters_project_footer entry-meta\"><span class=\"cmsmasters_likes cmsmasters_project_likes\"><a href=\"#\" onclick=\"cmsmasters_like(13250); return false;\" id=\"cmsmastersLike-13250\" class=\"cmsmastersLike cmsmasters_theme_icon_like\"><span>3<\/span><\/a><\/span><\/footer><\/div><span class=\"dn meta-date\">20210106223456<\/span>\t<\/div>\r\n<\/article>\r\n<!-- Finish Standard Project -->\r\n\r\n\r\n<!-- Start Standard Project -->\r\n\r\n<article id=\"post-12658\" class=\"cmsmasters_project_grid post-12658 project type-project status-publish format-standard has-post-thumbnail hentry pj-categs-education pj-categs-tourism\" data-category=\"education tourism\">\r\n\t<div class=\"project_outer\">\r\n\t<figure class=\"cmsmasters_img_rollover_wrap preloader\"><img loading=\"lazy\" decoding=\"async\" width=\"580\" height=\"490\" src=\"https:\/\/fdhcolombia.com\/wp-content\/uploads\/2020\/04\/IMG_3653-580x490.jpg\" class=\"full-width wp-post-image\" alt=\"Voluntariado\" title=\"Voluntariado\" \/><div class=\"cmsmasters_img_rollover\"><a href=\"https:\/\/fdhcolombia.com\/es\/project\/volunteer\/\" title=\"Voluntariado\" class=\"cmsmasters_open_post_link cmsmasters-icon-heart-3\"><\/a><\/div><\/figure><div class=\"project_inner\"><header class=\"cmsmasters_project_header entry-header\"><h3 class=\"cmsmasters_project_title entry-title\"><a href=\"https:\/\/fdhcolombia.com\/es\/project\/volunteer\/\">Voluntariado<\/a><\/h3><\/header><div class=\"cmsmasters_project_cont_info entry-meta\"><span class=\"cmsmasters_project_category\"><a href=\"https:\/\/fdhcolombia.com\/es\/pj-categs\/education\/\" class=\"cmsmasters_cat_color cmsmasters_cat_19\" rel=\"category tag\">Education<\/a>, <a href=\"https:\/\/fdhcolombia.com\/es\/pj-categs\/tourism\/\" class=\"cmsmasters_cat_color cmsmasters_cat_60\" rel=\"category tag\">Tourism<\/a><\/span><\/div><div class=\"cmsmasters_project_content entry-content\">\n<p>A trav\u00e9s del trabajo voluntario no s\u00f3lo inviertes tu tiempo, sino que tambi\u00e9n compartes tus conocimientos, tus habilidades y tu experiencia con otras personas. Esto te ayudar\u00e1 a conocer un mundo diferente, ampliar tus habilidades y horizontes y, por supuesto, experimentar satisfacci\u00f3n. \u00a1Hacer el bien es divertido!<\/p>\n<\/div>\n<footer class=\"cmsmasters_project_footer entry-meta\"><span class=\"cmsmasters_likes cmsmasters_project_likes\"><a href=\"#\" onclick=\"cmsmasters_like(12658); return false;\" id=\"cmsmastersLike-12658\" class=\"cmsmastersLike cmsmasters_theme_icon_like\"><span>54<\/span><\/a><\/span><\/footer><\/div><span class=\"dn meta-date\">20200418152000<\/span>\t<\/div>\r\n<\/article>\r\n<!-- Finish Standard Project -->\r\n\r\n\r\n<!-- Start Standard Project -->\r\n\r\n<article id=\"post-12635\" class=\"cmsmasters_project_grid post-12635 project type-project status-publish format-standard has-post-thumbnail hentry pj-categs-tourism\" data-category=\"tourism\">\r\n\t<div class=\"project_outer\">\r\n\t<figure class=\"cmsmasters_img_rollover_wrap preloader\"><img loading=\"lazy\" decoding=\"async\" width=\"580\" height=\"490\" src=\"https:\/\/fdhcolombia.com\/wp-content\/uploads\/2020\/04\/Finca_rio_Palomino-Large-1-580x490.jpg\" class=\"full-width wp-post-image\" alt=\"Pasa tus vacaciones en la finca del R\u00edo Palomino\" title=\"Pasa tus vacaciones en la finca del R\u00edo Palomino\" \/><div class=\"cmsmasters_img_rollover\"><a href=\"https:\/\/fdhcolombia.com\/es\/project\/finca\/\" title=\"Pasa tus vacaciones en la finca del R\u00edo Palomino\" class=\"cmsmasters_open_post_link cmsmasters-icon-heart-3\"><\/a><\/div><\/figure><div class=\"project_inner\"><header class=\"cmsmasters_project_header entry-header\"><h3 class=\"cmsmasters_project_title entry-title\"><a href=\"https:\/\/fdhcolombia.com\/es\/project\/finca\/\">Pasa tus vacaciones en la finca del R\u00edo Palomino<\/a><\/h3><\/header><div class=\"cmsmasters_project_cont_info entry-meta\"><span class=\"cmsmasters_project_category\"><a href=\"https:\/\/fdhcolombia.com\/es\/pj-categs\/tourism\/\" class=\"cmsmasters_cat_color cmsmasters_cat_60\" rel=\"category tag\">Tourism<\/a><\/span><\/div><div class=\"cmsmasters_project_content entry-content\">\n<p>Una encantadora y espaciosa casa de hu\u00e9spedes situada en el tranquilo y hermoso barrio de Magdalena, cerca de la peque\u00f1a ciudad costera de Palomino, en la costa caribe\u00f1a de Colombia.<\/p>\n<\/div>\n<footer class=\"cmsmasters_project_footer entry-meta\"><span class=\"cmsmasters_likes cmsmasters_project_likes\"><a href=\"#\" onclick=\"cmsmasters_like(12635); return false;\" id=\"cmsmastersLike-12635\" class=\"cmsmastersLike cmsmasters_theme_icon_like\"><span>58<\/span><\/a><\/span><\/footer><\/div><span class=\"dn meta-date\">20200418145303<\/span>\t<\/div>\r\n<\/article>\r\n<!-- Finish Standard Project -->\r\n\r\n\r\n<!-- Start Gallery Project -->\r\n\r\n<article id=\"post-12626\" class=\"cmsmasters_project_grid post-12626 project type-project status-publish format-gallery has-post-thumbnail hentry post_format-post-format-gallery pj-categs-covid-19 pj-categs-food-and-supplies\" data-category=\"covid-19 food-and-supplies\">\r\n\t<div class=\"project_outer\">\r\n\t<figure class=\"cmsmasters_img_rollover_wrap preloader\"><img loading=\"lazy\" decoding=\"async\" width=\"580\" height=\"414\" src=\"https:\/\/fdhcolombia.com\/wp-content\/uploads\/2020\/04\/47241512_1586858191617285_r-580x414.jpeg\" class=\"full-width wp-post-image\" alt=\"COVID19 &#8211; Adopta una familia colombiana de octubre a diciembre de 2020 [terminado]\" title=\"COVID19 &#8211; Adopta una familia colombiana de octubre a diciembre de 2020 [terminado]\" \/><div class=\"cmsmasters_img_rollover\"><a href=\"https:\/\/fdhcolombia.com\/es\/project\/covid19\/\" title=\"COVID19 &#8211; Adopta una familia colombiana de octubre a diciembre de 2020 [terminado]\" class=\"cmsmasters_open_post_link cmsmasters-icon-heart-3\"><\/a><\/div><\/figure><div class=\"project_inner\"><header class=\"cmsmasters_project_header entry-header\"><h3 class=\"cmsmasters_project_title entry-title\"><a href=\"https:\/\/fdhcolombia.com\/es\/project\/covid19\/\">COVID19 &#8211; Adopta una familia colombiana de octubre a diciembre de 2020 [terminado]<\/a><\/h3><\/header><div class=\"cmsmasters_project_cont_info entry-meta\"><span class=\"cmsmasters_project_category\"><a href=\"https:\/\/fdhcolombia.com\/es\/pj-categs\/covid-19\/\" class=\"cmsmasters_cat_color cmsmasters_cat_59\" rel=\"category tag\">COVID-19<\/a>, <a href=\"https:\/\/fdhcolombia.com\/es\/pj-categs\/food-and-supplies\/\" class=\"cmsmasters_cat_color cmsmasters_cat_58\" rel=\"category tag\">Food and Supplies<\/a><\/span><\/div><div class=\"cmsmasters_project_content entry-content\">\n<p>Tras el confinamiento obligatorio ordenado por el Gobierno, nuestra Fundaci\u00f3n suspendi\u00f3 sus ac=vidades educa=vas y depor=vas el 22 de marzo pasado. Todo nuestro esfuerzo est\u00e1 enfocado en suministrar alimentos a las familias menos favorecidas de la vereda.<\/p>\n<\/div>\n<footer class=\"cmsmasters_project_footer entry-meta\"><span class=\"cmsmasters_likes cmsmasters_project_likes\"><a href=\"#\" onclick=\"cmsmasters_like(12626); return false;\" id=\"cmsmastersLike-12626\" class=\"cmsmastersLike cmsmasters_theme_icon_like\"><span>61<\/span><\/a><\/span><\/footer><\/div><span class=\"dn meta-date\">20200418142420<\/span>\t<\/div>\r\n<\/article>\r\n<!-- Finish Gallery Project -->\r\n\r\n<\/div><\/div>\n<\/div>\n<\/div>\n<\/div>\n<\/div>\n<\/div>\n<\/div>\n\n","protected":false},"excerpt":{"rendered":"","protected":false},"author":1,"featured_media":0,"parent":0,"menu_order":0,"comment_status":"closed","ping_status":"closed","template":"","meta":{"_monsterinsights_skip_tracking":false,"_monsterinsights_sitenote_active":false,"_monsterinsights_sitenote_note":"","_monsterinsights_sitenote_category":0,"footnotes":""},"class_list":["post-12609","page","type-page","status-publish","hentry"],"yoast_head":"<!-- This site is optimized with the Yoast SEO plugin v26.8 - https:\/\/yoast.com\/product\/yoast-seo-wordpress\/ -->\n<title>Proyectos - Fundacion DH Colombia<\/title>\n<meta name=\"robots\" content=\"index, follow, max-snippet:-1, max-image-preview:large, max-video-preview:-1\" \/>\n<link rel=\"canonical\" href=\"https:\/\/fdhcolombia.com\/es\/como-ayudar\/\" \/>\n<meta property=\"og:locale\" content=\"es_ES\" \/>\n<meta property=\"og:type\" content=\"article\" \/>\n<meta property=\"og:title\" content=\"Proyectos - Fundacion DH Colombia\" \/>\n<meta property=\"og:url\" content=\"https:\/\/fdhcolombia.com\/es\/como-ayudar\/\" \/>\n<meta property=\"og:site_name\" content=\"Fundacion DH Colombia\" \/>\n<meta property=\"article:modified_time\" content=\"2021-10-25T16:38:21+00:00\" \/>\n<meta name=\"twitter:card\" content=\"summary_large_image\" \/>\n<meta name=\"twitter:label1\" content=\"Tiempo de lectura\" \/>\n\t<meta name=\"twitter:data1\" content=\"1 minuto\" \/>\n<script type=\"application\/ld+json\" class=\"yoast-schema-graph\">{\"@context\":\"https:\/\/schema.org\",\"@graph\":[{\"@type\":\"WebPage\",\"@id\":\"https:\/\/fdhcolombia.com\/es\/como-ayudar\/\",\"url\":\"https:\/\/fdhcolombia.com\/es\/como-ayudar\/\",\"name\":\"Proyectos - Fundacion DH Colombia\",\"isPartOf\":{\"@id\":\"https:\/\/fdhcolombia.com\/#website\"},\"datePublished\":\"2016-01-29T15:42:43+00:00\",\"dateModified\":\"2021-10-25T16:38:21+00:00\",\"breadcrumb\":{\"@id\":\"https:\/\/fdhcolombia.com\/es\/como-ayudar\/#breadcrumb\"},\"inLanguage\":\"es\",\"potentialAction\":[{\"@type\":\"ReadAction\",\"target\":[\"https:\/\/fdhcolombia.com\/es\/como-ayudar\/\"]}]},{\"@type\":\"BreadcrumbList\",\"@id\":\"https:\/\/fdhcolombia.com\/es\/como-ayudar\/#breadcrumb\",\"itemListElement\":[{\"@type\":\"ListItem\",\"position\":1,\"name\":\"Home\",\"item\":\"https:\/\/fdhcolombia.com\/es\/\"},{\"@type\":\"ListItem\",\"position\":2,\"name\":\"Proyectos\"}]},{\"@type\":\"WebSite\",\"@id\":\"https:\/\/fdhcolombia.com\/#website\",\"url\":\"https:\/\/fdhcolombia.com\/\",\"name\":\"Fundacion DH Colombia\",\"description\":\"Helping Colombian children in need\",\"potentialAction\":[{\"@type\":\"SearchAction\",\"target\":{\"@type\":\"EntryPoint\",\"urlTemplate\":\"https:\/\/fdhcolombia.com\/?s={search_term_string}\"},\"query-input\":{\"@type\":\"PropertyValueSpecification\",\"valueRequired\":true,\"valueName\":\"search_term_string\"}}],\"inLanguage\":\"es\"}]}<\/script>\n<!-- \/ Yoast SEO plugin. -->","yoast_head_json":{"title":"Proyectos - Fundacion DH Colombia","robots":{"index":"index","follow":"follow","max-snippet":"max-snippet:-1","max-image-preview":"max-image-preview:large","max-video-preview":"max-video-preview:-1"},"canonical":"https:\/\/fdhcolombia.com\/es\/como-ayudar\/","og_locale":"es_ES","og_type":"article","og_title":"Proyectos - Fundacion DH Colombia","og_url":"https:\/\/fdhcolombia.com\/es\/como-ayudar\/","og_site_name":"Fundacion DH Colombia","article_modified_time":"2021-10-25T16:38:21+00:00","twitter_card":"summary_large_image","twitter_misc":{"Tiempo de lectura":"1 minuto"},"schema":{"@context":"https:\/\/schema.org","@graph":[{"@type":"WebPage","@id":"https:\/\/fdhcolombia.com\/es\/como-ayudar\/","url":"https:\/\/fdhcolombia.com\/es\/como-ayudar\/","name":"Proyectos - Fundacion DH Colombia","isPartOf":{"@id":"https:\/\/fdhcolombia.com\/#website"},"datePublished":"2016-01-29T15:42:43+00:00","dateModified":"2021-10-25T16:38:21+00:00","breadcrumb":{"@id":"https:\/\/fdhcolombia.com\/es\/como-ayudar\/#breadcrumb"},"inLanguage":"es","potentialAction":[{"@type":"ReadAction","target":["https:\/\/fdhcolombia.com\/es\/como-ayudar\/"]}]},{"@type":"BreadcrumbList","@id":"https:\/\/fdhcolombia.com\/es\/como-ayudar\/#breadcrumb","itemListElement":[{"@type":"ListItem","position":1,"name":"Home","item":"https:\/\/fdhcolombia.com\/es\/"},{"@type":"ListItem","position":2,"name":"Proyectos"}]},{"@type":"WebSite","@id":"https:\/\/fdhcolombia.com\/#website","url":"https:\/\/fdhcolombia.com\/","name":"Fundacion DH Colombia","description":"Helping Colombian children in need","potentialAction":[{"@type":"SearchAction","target":{"@type":"EntryPoint","urlTemplate":"https:\/\/fdhcolombia.com\/?s={search_term_string}"},"query-input":{"@type":"PropertyValueSpecification","valueRequired":true,"valueName":"search_term_string"}}],"inLanguage":"es"}]}},"_links":{"self":[{"href":"https:\/\/fdhcolombia.com\/es\/wp-json\/wp\/v2\/pages\/12609","targetHints":{"allow":["GET"]}}],"collection":[{"href":"https:\/\/fdhcolombia.com\/es\/wp-json\/wp\/v2\/pages"}],"about":[{"href":"https:\/\/fdhcolombia.com\/es\/wp-json\/wp\/v2\/types\/page"}],"author":[{"embeddable":true,"href":"https:\/\/fdhcolombia.com\/es\/wp-json\/wp\/v2\/users\/1"}],"replies":[{"embeddable":true,"href":"https:\/\/fdhcolombia.com\/es\/wp-json\/wp\/v2\/comments?post=12609"}],"version-history":[{"count":10,"href":"https:\/\/fdhcolombia.com\/es\/wp-json\/wp\/v2\/pages\/12609\/revisions"}],"predecessor-version":[{"id":13554,"href":"https:\/\/fdhcolombia.com\/es\/wp-json\/wp\/v2\/pages\/12609\/revisions\/13554"}],"wp:attachment":[{"href":"https:\/\/fdhcolombia.com\/es\/wp-json\/wp\/v2\/media?parent=12609"}],"curies":[{"name":"wp","href":"https:\/\/api.w.org\/{rel}","templated":true}]}}