{"id":12605,"date":"2015-04-30T12:44:18","date_gmt":"2015-04-30T12:44:18","guid":{"rendered":"https:\/\/fdhcolombia.com\/timeline-blog\/"},"modified":"2020-04-25T07:55:11","modified_gmt":"2020-04-25T07:55:11","slug":"noticias","status":"publish","type":"page","link":"https:\/\/fdhcolombia.com\/es\/noticias\/","title":{"rendered":"Noticias"},"content":{"rendered":"<style type=\"text\/css\"> \n#cmsmasters_row_69e5f1201307c4_63075961 .cmsmasters_row_outer_parent { \n\tpadding-top: 0px; \n} \n\n#cmsmasters_row_69e5f1201307c4_63075961 .cmsmasters_row_outer_parent { \n\tpadding-bottom: 50px; \n} \n\n \n#cmsmasters_divider_69e5f120135092_00728429 { \n\tborder-bottom-width:0px; \n\tborder-bottom-style:solid; \n\tpadding-top:70px; \n\tmargin-bottom:0px; \n} \n<\/style><div id=\"cmsmasters_row_69e5f1201307c4_63075961\" class=\"cmsmasters_row cmsmasters_color_scheme_default cmsmasters_row_top_default cmsmasters_row_bot_default cmsmasters_row_boxed\">\n<div class=\"cmsmasters_row_outer_parent\">\n<div class=\"cmsmasters_row_outer\">\n<div class=\"cmsmasters_row_inner\">\n<div class=\"cmsmasters_row_margin\">\n<div class=\"cmsmasters_column one_first\">\n\n<div id=\"cmsmasters_divider_69e5f120135092_00728429\" class=\"cl\"><\/div>\n<div class=\"cmsmasters_wrap_blog entry-summary\" id=\"blog_69e5f120136d07_33565856\"><script type=\"text\/javascript\">\r\njQuery(document).ready(function () {\r\n\t(function ($) {\r\n\t\tif ($('#blog_69e5f120136d07_33565856').find('article').length == '0') {\r\n\t\t\treturn false;\r\n\t\t}\r\n\t\t\r\n\t\t\r\n\t\tstartBlog( \r\n\t\t\t'69e5f120136d07_33565856', \r\n\t\t\t'timeline', \r\n\t\t\t'', \r\n\t\t\t'https:\/\/fdhcolombia.com\/wp-content\/plugins\/cmsmasters-content-composer\/', \r\n\t\t\t'date', \r\n\t\t\t'DESC', \r\n\t\t\t'8', \r\n\t\t\t'news,uncategorized', \r\n\t\t\t'date,categories,more' \r\n\t\t);\r\n\t} )(jQuery);\r\n} );\r\n<\/script>\r\n<div class=\"blog timeline\">\r\n<!-- Start Standard Article -->\r\n\r\n<article id=\"post-14044\" class=\"cmsmasters_post_timeline post-14044 post type-post status-publish format-standard has-post-thumbnail hentry category-news-es\">\r\n\t<div class=\"cmsmasters_post_info entry-meta\"><span class=\"cmsmasters_post_date\"><abbr class=\"published\" title=\"abril 15, 2025\"><span class=\"cmsmasters_day\">15<\/span><span class=\"cmsmasters_mon\">Abr<\/span><\/abbr><abbr class=\"dn date updated\" title=\"abril 17, 2025\">abril 17, 2025<\/abbr><\/span><\/div>\t<div class=\"cmsmasters_timeline_margin\">\r\n\t\t<div class=\"cmsmasters_post_cont\">\r\n\t\t\t<figure class=\"cmsmasters_img_wrap\"><a href=\"https:\/\/fdhcolombia.com\/es\/newsletter-2025\/\" title=\"Boletin de Noticias 2025\" class=\"cmsmasters_img_link preloader\"><img loading=\"lazy\" decoding=\"async\" width=\"860\" height=\"516\" src=\"https:\/\/fdhcolombia.com\/wp-content\/uploads\/2025\/03\/IMG_1345-860x516.jpg\" class=\"full-width wp-post-image\" alt=\"Boletin de Noticias 2025\" title=\"Boletin de Noticias 2025\" \/><\/a><\/figure><div class=\"cmsmasters_post_cont_wrapper\"><div class=\"cmsmasters_post_info_bottom entry-meta\"><header class=\"cmsmasters_post_header entry-header\"><h3 class=\"cmsmasters_post_title entry-title\"><a href=\"https:\/\/fdhcolombia.com\/es\/newsletter-2025\/\">Boletin de Noticias 2025<\/a><\/h3><\/header><div class=\"cmsmasters_post_cont_info entry-meta\"><span class=\"cmsmasters_post_category\"><span>In<\/span><a href=\"https:\/\/fdhcolombia.com\/es\/category\/news-es\/\" class=\"cmsmasters_cat_color cmsmasters_cat_63\" rel=\"category tag\">News<\/a><\/span><\/div><div class=\"cmsmasters_post_content entry-content\">\n<p>Nos complace compartir la primera \u201cNews-Letter\u201d del 2025. Iniciamos resaltando el apoyo de CANPACK POLONIA con la financiaci\u00f3n del Programa Educativo para el primer cuatrimestral del 2025.<\/p>\n<p>Tambien agradecemos a la Universidad de Zurich por la donaci\u00f3n de computadores portatiles usados para la Sala de Informatica, que pudo terminarse gracias a la financiaci\u00f3n del grupo de amigos de Athanassios Kolivras.<\/p>\n<\/div>\n<footer class=\"cmsmasters_post_footer entry-meta\"><a class=\"button cmsmasters_post_read_more\" href=\"https:\/\/fdhcolombia.com\/es\/newsletter-2025\/\">Ver Mas<\/a><\/footer><\/div><\/div>\t\t<\/div>\r\n\t<\/div>\r\n<\/article>\r\n<!-- Finish Standard Article -->\r\n\r\n\r\n<!-- Start Standard Article -->\r\n\r\n<article id=\"post-13923\" class=\"cmsmasters_post_timeline post-13923 post type-post status-publish format-standard has-post-thumbnail hentry category-news-es\">\r\n\t<div class=\"cmsmasters_post_info entry-meta\"><span class=\"cmsmasters_post_date\"><abbr class=\"published\" title=\"febrero 4, 2024\"><span class=\"cmsmasters_day\">04<\/span><span class=\"cmsmasters_mon\">Feb<\/span><\/abbr><abbr class=\"dn date updated\" title=\"abril 17, 2025\">abril 17, 2025<\/abbr><\/span><\/div>\t<div class=\"cmsmasters_timeline_margin\">\r\n\t\t<div class=\"cmsmasters_post_cont\">\r\n\t\t\t<figure class=\"cmsmasters_img_wrap\"><a href=\"https:\/\/fdhcolombia.com\/es\/newsletter-2024\/\" title=\"Boletin de Noticias 2024\" class=\"cmsmasters_img_link preloader\"><img loading=\"lazy\" decoding=\"async\" width=\"860\" height=\"516\" src=\"https:\/\/fdhcolombia.com\/wp-content\/uploads\/2024\/02\/WhatsApp-Image-2024-01-27-at-14.05.25-860x516.jpeg\" class=\"full-width wp-post-image\" alt=\"Boletin de Noticias 2024\" title=\"Boletin de Noticias 2024\" \/><\/a><\/figure><div class=\"cmsmasters_post_cont_wrapper\"><div class=\"cmsmasters_post_info_bottom entry-meta\"><header class=\"cmsmasters_post_header entry-header\"><h3 class=\"cmsmasters_post_title entry-title\"><a href=\"https:\/\/fdhcolombia.com\/es\/newsletter-2024\/\">Boletin de Noticias 2024<\/a><\/h3><\/header><div class=\"cmsmasters_post_cont_info entry-meta\"><span class=\"cmsmasters_post_category\"><span>In<\/span><a href=\"https:\/\/fdhcolombia.com\/es\/category\/news-es\/\" class=\"cmsmasters_cat_color cmsmasters_cat_63\" rel=\"category tag\">News<\/a><\/span><\/div><div class=\"cmsmasters_post_content entry-content\">\n<p>A principios del a\u00f1o 2024, nos complace informar de los resultados de nuestros esfuerzos durante los \u00faltimos meses.<\/p>\n<\/div>\n<footer class=\"cmsmasters_post_footer entry-meta\"><a class=\"button cmsmasters_post_read_more\" href=\"https:\/\/fdhcolombia.com\/es\/newsletter-2024\/\">Ver Mas<\/a><\/footer><\/div><\/div>\t\t<\/div>\r\n\t<\/div>\r\n<\/article>\r\n<!-- Finish Standard Article -->\r\n\r\n\r\n<!-- Start Standard Article -->\r\n\r\n<article id=\"post-13862\" class=\"cmsmasters_post_timeline post-13862 post type-post status-publish format-standard has-post-thumbnail hentry category-news-es\">\r\n\t<div class=\"cmsmasters_post_info entry-meta\"><span class=\"cmsmasters_post_date\"><abbr class=\"published\" title=\"marzo 19, 2023\"><span class=\"cmsmasters_day\">19<\/span><span class=\"cmsmasters_mon\">Mar<\/span><\/abbr><abbr class=\"dn date updated\" title=\"marzo 19, 2023\">marzo 19, 2023<\/abbr><\/span><\/div>\t<div class=\"cmsmasters_timeline_margin\">\r\n\t\t<div class=\"cmsmasters_post_cont\">\r\n\t\t\t<figure class=\"cmsmasters_img_wrap\"><a href=\"https:\/\/fdhcolombia.com\/es\/newsletter-2023\/\" title=\"Bolet\u00edn de Noticias 2023\" class=\"cmsmasters_img_link preloader\"><img loading=\"lazy\" decoding=\"async\" width=\"644\" height=\"464\" src=\"https:\/\/fdhcolombia.com\/wp-content\/uploads\/2023\/03\/FDH_Newsletter_2023-23.jpg\" class=\"full-width wp-post-image\" alt=\"Bolet\u00edn de Noticias 2023\" title=\"Bolet\u00edn de Noticias 2023\" srcset=\"https:\/\/fdhcolombia.com\/wp-content\/uploads\/2023\/03\/FDH_Newsletter_2023-23.jpg 644w, https:\/\/fdhcolombia.com\/wp-content\/uploads\/2023\/03\/FDH_Newsletter_2023-23-300x216.jpg 300w, https:\/\/fdhcolombia.com\/wp-content\/uploads\/2023\/03\/FDH_Newsletter_2023-23-580x418.jpg 580w\" sizes=\"auto, (max-width: 644px) 100vw, 644px\" \/><\/a><\/figure><div class=\"cmsmasters_post_cont_wrapper\"><div class=\"cmsmasters_post_info_bottom entry-meta\"><header class=\"cmsmasters_post_header entry-header\"><h3 class=\"cmsmasters_post_title entry-title\"><a href=\"https:\/\/fdhcolombia.com\/es\/newsletter-2023\/\">Bolet\u00edn de Noticias 2023<\/a><\/h3><\/header><div class=\"cmsmasters_post_cont_info entry-meta\"><span class=\"cmsmasters_post_category\"><span>In<\/span><a href=\"https:\/\/fdhcolombia.com\/es\/category\/news-es\/\" class=\"cmsmasters_cat_color cmsmasters_cat_63\" rel=\"category tag\">News<\/a><\/span><\/div><div class=\"cmsmasters_post_content entry-content\">\n<p>Nos complace compartir la primera \u201cNews-Letter\" del 2023. Resaltamos el apoyo de CANPACK-Colombia con la financiaci\u00f3n del Programa Educativo \u201cTermina tu Bachillerato\u201d. Tambi\u00e9n agradecemos a la asociaci\u00f3n AMA de B\u00e9lgica por financiar las clases de teatro del 2022, dictadas por la profesora Ana Mazhari. Por otra parte, se graduaron en Noviembre los dos primeros bachilleres del programa. Iniciaremos nuestro bolet\u00edn con la llegada de las nuevas voluntarias y lo terminaremos con los proyectos para el 2023.<\/p>\n<\/div>\n<footer class=\"cmsmasters_post_footer entry-meta\"><a class=\"button cmsmasters_post_read_more\" href=\"https:\/\/fdhcolombia.com\/es\/newsletter-2023\/\">Ver Mas<\/a><\/footer><\/div><\/div>\t\t<\/div>\r\n\t<\/div>\r\n<\/article>\r\n<!-- Finish Standard Article -->\r\n\r\n\r\n<!-- Start Standard Article -->\r\n\r\n<article id=\"post-13738\" class=\"cmsmasters_post_timeline post-13738 post type-post status-publish format-standard has-post-thumbnail hentry category-news-es\">\r\n\t<div class=\"cmsmasters_post_info entry-meta\"><span class=\"cmsmasters_post_date\"><abbr class=\"published\" title=\"julio 10, 2022\"><span class=\"cmsmasters_day\">10<\/span><span class=\"cmsmasters_mon\">Jul<\/span><\/abbr><abbr class=\"dn date updated\" title=\"marzo 19, 2023\">marzo 19, 2023<\/abbr><\/span><\/div>\t<div class=\"cmsmasters_timeline_margin\">\r\n\t\t<div class=\"cmsmasters_post_cont\">\r\n\t\t\t<figure class=\"cmsmasters_img_wrap\"><a href=\"https:\/\/fdhcolombia.com\/es\/first-newsletter-mid-2022\/\" title=\"Bolet\u00edn de Noticias 2022\" class=\"cmsmasters_img_link preloader\"><img loading=\"lazy\" decoding=\"async\" width=\"860\" height=\"516\" src=\"https:\/\/fdhcolombia.com\/wp-content\/uploads\/2022\/07\/FDH_Volunteering-860x516.jpg\" class=\"full-width wp-post-image\" alt=\"Bolet\u00edn de Noticias 2022\" title=\"Bolet\u00edn de Noticias 2022\" \/><\/a><\/figure><div class=\"cmsmasters_post_cont_wrapper\"><div class=\"cmsmasters_post_info_bottom entry-meta\"><header class=\"cmsmasters_post_header entry-header\"><h3 class=\"cmsmasters_post_title entry-title\"><a href=\"https:\/\/fdhcolombia.com\/es\/first-newsletter-mid-2022\/\">Bolet\u00edn de Noticias 2022<\/a><\/h3><\/header><div class=\"cmsmasters_post_cont_info entry-meta\"><span class=\"cmsmasters_post_category\"><span>In<\/span><a href=\"https:\/\/fdhcolombia.com\/es\/category\/news-es\/\" class=\"cmsmasters_cat_color cmsmasters_cat_63\" rel=\"category tag\">News<\/a><\/span><\/div><div class=\"cmsmasters_post_content entry-content\">\n<p>Con nuestro primer bolet\u00edn de noticias del a\u00f1o 2022, queremos anunciar la culminaci\u00f3n de la biblioteca iniciada en el 2019, la cual lleva el nombre de nuestro gran amigo Roberto Villaquiran. Gracias a su esfuerzo y dedicaci\u00f3n con su grupo de amigos de Europa y Colombia, reuni\u00f3 los fondos que faltaban para terminarla. Las sillas y mesas fue un obsequio de CANPACK Colombia. <\/p>\n<\/div>\n<footer class=\"cmsmasters_post_footer entry-meta\"><a class=\"button cmsmasters_post_read_more\" href=\"https:\/\/fdhcolombia.com\/es\/first-newsletter-mid-2022\/\">Ver Mas<\/a><\/footer><\/div><\/div>\t\t<\/div>\r\n\t<\/div>\r\n<\/article>\r\n<!-- Finish Standard Article -->\r\n\r\n\r\n<!-- Start Standard Article -->\r\n\r\n<article id=\"post-13591\" class=\"cmsmasters_post_timeline post-13591 post type-post status-publish format-standard has-post-thumbnail hentry category-news-es\">\r\n\t<div class=\"cmsmasters_post_info entry-meta\"><span class=\"cmsmasters_post_date\"><abbr class=\"published\" title=\"diciembre 31, 2021\"><span class=\"cmsmasters_day\">31<\/span><span class=\"cmsmasters_mon\">Dic<\/span><\/abbr><abbr class=\"dn date updated\" title=\"enero 16, 2022\">enero 16, 2022<\/abbr><\/span><\/div>\t<div class=\"cmsmasters_timeline_margin\">\r\n\t\t<div class=\"cmsmasters_post_cont\">\r\n\t\t\t<figure class=\"cmsmasters_img_wrap\"><a href=\"https:\/\/fdhcolombia.com\/es\/boletin-de-fin-de-ano\/\" title=\"Bolet\u00edn de Fin de A\u00f1o 2021\" class=\"cmsmasters_img_link preloader\"><img loading=\"lazy\" decoding=\"async\" width=\"860\" height=\"498\" src=\"https:\/\/fdhcolombia.com\/wp-content\/uploads\/2021\/01\/WhatsApp-Image-2021-10-24-at-17.13.46-860x498.jpeg\" class=\"full-width wp-post-image\" alt=\"Bolet\u00edn de Fin de A\u00f1o 2021\" title=\"Bolet\u00edn de Fin de A\u00f1o 2021\" \/><\/a><\/figure><div class=\"cmsmasters_post_cont_wrapper\"><div class=\"cmsmasters_post_info_bottom entry-meta\"><header class=\"cmsmasters_post_header entry-header\"><h3 class=\"cmsmasters_post_title entry-title\"><a href=\"https:\/\/fdhcolombia.com\/es\/boletin-de-fin-de-ano\/\">Bolet\u00edn de Fin de A\u00f1o 2021<\/a><\/h3><\/header><div class=\"cmsmasters_post_cont_info entry-meta\"><span class=\"cmsmasters_post_category\"><span>In<\/span><a href=\"https:\/\/fdhcolombia.com\/es\/category\/news-es\/\" class=\"cmsmasters_cat_color cmsmasters_cat_63\" rel=\"category tag\">News<\/a><\/span><\/div><div class=\"cmsmasters_post_content entry-content\">\n<p>A pesar de las restricciones sanitarias, tuvimos la oportunidad de poder viajar con fondos propios de Bruselas a la obra social en 4 ocasiones durante el 2021, aportando ropa, juguetes y material did\u00e1ctico para la Ludoteca. Al mismo tiempo, compramos materiales de construcci\u00f3n y verificamos los trabajos que est\u00e1n en curso: construcci\u00f3n de la biblioteca, renovaci\u00f3n de la guarder\u00eda para ni\u00f1os entre 0 y 5 a\u00f1os y ampliaci\u00f3n de la Ludoteca para j\u00f3venes entre 6 y 15 a\u00f1os.<\/p>\n<\/div>\n<footer class=\"cmsmasters_post_footer entry-meta\"><a class=\"button cmsmasters_post_read_more\" href=\"https:\/\/fdhcolombia.com\/es\/boletin-de-fin-de-ano\/\">Ver m\u00e1s<\/a><\/footer><\/div><\/div>\t\t<\/div>\r\n\t<\/div>\r\n<\/article>\r\n<!-- Finish Standard Article -->\r\n\r\n\r\n<!-- Start Standard Article -->\r\n\r\n<article id=\"post-13555\" class=\"cmsmasters_post_timeline post-13555 post type-post status-publish format-standard has-post-thumbnail hentry category-news-es\">\r\n\t<div class=\"cmsmasters_post_info entry-meta\"><span class=\"cmsmasters_post_date\"><abbr class=\"published\" title=\"octubre 25, 2021\"><span class=\"cmsmasters_day\">25<\/span><span class=\"cmsmasters_mon\">Oct<\/span><\/abbr><abbr class=\"dn date updated\" title=\"noviembre 4, 2021\">noviembre 4, 2021<\/abbr><\/span><\/div>\t<div class=\"cmsmasters_timeline_margin\">\r\n\t\t<div class=\"cmsmasters_post_cont\">\r\n\t\t\t<figure class=\"cmsmasters_img_wrap\"><a href=\"https:\/\/fdhcolombia.com\/es\/boletin-informativo-2021\/\" title=\"Bolet\u00edn informativo\" class=\"cmsmasters_img_link preloader\"><img loading=\"lazy\" decoding=\"async\" width=\"860\" height=\"516\" src=\"https:\/\/fdhcolombia.com\/wp-content\/uploads\/2021\/10\/WhatsApp-Image-2021-10-25-at-21.11.26-860x516.jpeg\" class=\"full-width wp-post-image\" alt=\"Bolet\u00edn informativo\" title=\"Bolet\u00edn informativo\" \/><\/a><\/figure><div class=\"cmsmasters_post_cont_wrapper\"><div class=\"cmsmasters_post_info_bottom entry-meta\"><header class=\"cmsmasters_post_header entry-header\"><h3 class=\"cmsmasters_post_title entry-title\"><a href=\"https:\/\/fdhcolombia.com\/es\/boletin-informativo-2021\/\">Bolet\u00edn informativo<\/a><\/h3><\/header><div class=\"cmsmasters_post_cont_info entry-meta\"><span class=\"cmsmasters_post_category\"><span>In<\/span><a href=\"https:\/\/fdhcolombia.com\/es\/category\/news-es\/\" class=\"cmsmasters_cat_color cmsmasters_cat_63\" rel=\"category tag\">News<\/a><\/span><\/div><div class=\"cmsmasters_post_content entry-content\">\n<p>Nos complace compartir nuestro bolet\u00edn de 2021.<\/p>\n<\/div>\n<footer class=\"cmsmasters_post_footer entry-meta\"><a class=\"button cmsmasters_post_read_more\" href=\"https:\/\/fdhcolombia.com\/es\/boletin-informativo-2021\/\">Ver mas<\/a><\/footer><\/div><\/div>\t\t<\/div>\r\n\t<\/div>\r\n<\/article>\r\n<!-- Finish Standard Article -->\r\n\r\n\r\n<!-- Start Standard Article -->\r\n\r\n<article id=\"post-13405\" class=\"cmsmasters_post_timeline post-13405 post type-post status-publish format-standard has-post-thumbnail hentry category-news-es\">\r\n\t<div class=\"cmsmasters_post_info entry-meta\"><span class=\"cmsmasters_post_date\"><abbr class=\"published\" title=\"febrero 25, 2021\"><span class=\"cmsmasters_day\">25<\/span><span class=\"cmsmasters_mon\">Feb<\/span><\/abbr><abbr class=\"dn date updated\" title=\"febrero 25, 2021\">febrero 25, 2021<\/abbr><\/span><\/div>\t<div class=\"cmsmasters_timeline_margin\">\r\n\t\t<div class=\"cmsmasters_post_cont\">\r\n\t\t\t<figure class=\"cmsmasters_img_wrap\"><a href=\"https:\/\/fdhcolombia.com\/es\/un-huerto-para-todos\/\" title=\"Un huerto para todos\" class=\"cmsmasters_img_link preloader\"><img loading=\"lazy\" decoding=\"async\" width=\"768\" height=\"516\" src=\"https:\/\/fdhcolombia.com\/wp-content\/uploads\/2021\/02\/garden-for-everyone_11-768x516.jpeg\" class=\"full-width wp-post-image\" alt=\"Un huerto para todos\" title=\"Un huerto para todos\" \/><\/a><\/figure><div class=\"cmsmasters_post_cont_wrapper\"><div class=\"cmsmasters_post_info_bottom entry-meta\"><header class=\"cmsmasters_post_header entry-header\"><h3 class=\"cmsmasters_post_title entry-title\"><a href=\"https:\/\/fdhcolombia.com\/es\/un-huerto-para-todos\/\">Un huerto para todos<\/a><\/h3><\/header><div class=\"cmsmasters_post_cont_info entry-meta\"><span class=\"cmsmasters_post_category\"><span>In<\/span><a href=\"https:\/\/fdhcolombia.com\/es\/category\/news-es\/\" class=\"cmsmasters_cat_color cmsmasters_cat_63\" rel=\"category tag\">News<\/a><\/span><\/div><div class=\"cmsmasters_post_content entry-content\">\n<p>El 5 de febrero del 2021, inaguramos un \"Huerto para Todos\u201d, para incentivar a los ni\u00f1os a producir verduras y hortalizas de calidad.<\/p>\n<\/div>\n<footer class=\"cmsmasters_post_footer entry-meta\"><a class=\"button cmsmasters_post_read_more\" href=\"https:\/\/fdhcolombia.com\/es\/un-huerto-para-todos\/\">Read More<\/a><\/footer><\/div><\/div>\t\t<\/div>\r\n\t<\/div>\r\n<\/article>\r\n<!-- Finish Standard Article -->\r\n\r\n\r\n<!-- Start Standard Article -->\r\n\r\n<article id=\"post-13400\" class=\"cmsmasters_post_timeline post-13400 post type-post status-publish format-standard has-post-thumbnail hentry category-news-es\">\r\n\t<div class=\"cmsmasters_post_info entry-meta\"><span class=\"cmsmasters_post_date\"><abbr class=\"published\" title=\"febrero 25, 2021\"><span class=\"cmsmasters_day\">25<\/span><span class=\"cmsmasters_mon\">Feb<\/span><\/abbr><abbr class=\"dn date updated\" title=\"marzo 20, 2021\">marzo 20, 2021<\/abbr><\/span><\/div>\t<div class=\"cmsmasters_timeline_margin\">\r\n\t\t<div class=\"cmsmasters_post_cont\">\r\n\t\t\t<figure class=\"cmsmasters_img_wrap\"><a href=\"https:\/\/fdhcolombia.com\/es\/siembra-de-los-arboles\/\" title=\"Siembra de los \u00e1rboles\" class=\"cmsmasters_img_link preloader\"><img loading=\"lazy\" decoding=\"async\" width=\"860\" height=\"516\" src=\"https:\/\/fdhcolombia.com\/wp-content\/uploads\/2021\/02\/WhatsApp-Image-2021-03-02-at-18.11.14-860x516.jpeg\" class=\"full-width wp-post-image\" alt=\"Siembra de los \u00e1rboles\" title=\"Siembra de los \u00e1rboles\" \/><\/a><\/figure><div class=\"cmsmasters_post_cont_wrapper\"><div class=\"cmsmasters_post_info_bottom entry-meta\"><header class=\"cmsmasters_post_header entry-header\"><h3 class=\"cmsmasters_post_title entry-title\"><a href=\"https:\/\/fdhcolombia.com\/es\/siembra-de-los-arboles\/\">Siembra de los \u00e1rboles<\/a><\/h3><\/header><div class=\"cmsmasters_post_cont_info entry-meta\"><span class=\"cmsmasters_post_category\"><span>In<\/span><a href=\"https:\/\/fdhcolombia.com\/es\/category\/news-es\/\" class=\"cmsmasters_cat_color cmsmasters_cat_63\" rel=\"category tag\">News<\/a><\/span><\/div><div class=\"cmsmasters_post_content entry-content\">\n<p>La primera de semana de enero del 2021 nuestra obra social sembr\u00f3 60 \u00e1rboles frutales, con la ayuda de los ni\u00f1os y ni\u00f1as de la fundaci\u00f3n.<\/p>\n<\/div>\n<footer class=\"cmsmasters_post_footer entry-meta\"><a class=\"button cmsmasters_post_read_more\" href=\"https:\/\/fdhcolombia.com\/es\/siembra-de-los-arboles\/\">Read More<\/a><\/footer><\/div><\/div>\t\t<\/div>\r\n\t<\/div>\r\n<\/article>\r\n<!-- Finish Standard Article -->\r\n\r\n<\/div><div class=\"cmsmasters_wrap_more_posts cmsmasters_wrap_more_items\"><div class=\"cmsmasters_wrap_post_loader cmsmasters_wrap_items_loader\">\r\n\t\t\t\t\t<a href=\"javascript:void(0)\" class=\"cmsmasters_button cmsmasters_post_loader cmsmasters_items_loader\">\r\n\t\t\t\t\t\t<span>Load More Posts<\/span>\r\n\t\t\t\t\t<\/a>\r\n\t\t\t\t<\/div><\/div><\/div>\n<\/div>\n<\/div>\n<\/div>\n<\/div>\n<\/div>\n<\/div>\n\n","protected":false},"excerpt":{"rendered":"","protected":false},"author":1,"featured_media":0,"parent":0,"menu_order":0,"comment_status":"closed","ping_status":"open","template":"","meta":{"_monsterinsights_skip_tracking":false,"_monsterinsights_sitenote_active":false,"_monsterinsights_sitenote_note":"","_monsterinsights_sitenote_category":0,"footnotes":""},"class_list":["post-12605","page","type-page","status-publish","hentry"],"yoast_head":"<!-- This site is optimized with the Yoast SEO plugin v26.8 - https:\/\/yoast.com\/product\/yoast-seo-wordpress\/ -->\n<title>Noticias - Fundacion DH Colombia<\/title>\n<meta name=\"robots\" content=\"index, follow, max-snippet:-1, max-image-preview:large, max-video-preview:-1\" \/>\n<link rel=\"canonical\" href=\"https:\/\/fdhcolombia.com\/es\/noticias\/\" \/>\n<meta property=\"og:locale\" content=\"es_ES\" \/>\n<meta property=\"og:type\" content=\"article\" \/>\n<meta property=\"og:title\" content=\"Noticias - Fundacion DH Colombia\" \/>\n<meta property=\"og:url\" content=\"https:\/\/fdhcolombia.com\/es\/noticias\/\" \/>\n<meta property=\"og:site_name\" content=\"Fundacion DH Colombia\" \/>\n<meta property=\"article:modified_time\" content=\"2020-04-25T07:55:11+00:00\" \/>\n<meta name=\"twitter:card\" content=\"summary_large_image\" \/>\n<script type=\"application\/ld+json\" class=\"yoast-schema-graph\">{\"@context\":\"https:\/\/schema.org\",\"@graph\":[{\"@type\":\"WebPage\",\"@id\":\"https:\/\/fdhcolombia.com\/es\/noticias\/\",\"url\":\"https:\/\/fdhcolombia.com\/es\/noticias\/\",\"name\":\"Noticias - Fundacion DH Colombia\",\"isPartOf\":{\"@id\":\"https:\/\/fdhcolombia.com\/#website\"},\"datePublished\":\"2015-04-30T12:44:18+00:00\",\"dateModified\":\"2020-04-25T07:55:11+00:00\",\"breadcrumb\":{\"@id\":\"https:\/\/fdhcolombia.com\/es\/noticias\/#breadcrumb\"},\"inLanguage\":\"es\",\"potentialAction\":[{\"@type\":\"ReadAction\",\"target\":[\"https:\/\/fdhcolombia.com\/es\/noticias\/\"]}]},{\"@type\":\"BreadcrumbList\",\"@id\":\"https:\/\/fdhcolombia.com\/es\/noticias\/#breadcrumb\",\"itemListElement\":[{\"@type\":\"ListItem\",\"position\":1,\"name\":\"Home\",\"item\":\"https:\/\/fdhcolombia.com\/es\/\"},{\"@type\":\"ListItem\",\"position\":2,\"name\":\"Noticias\"}]},{\"@type\":\"WebSite\",\"@id\":\"https:\/\/fdhcolombia.com\/#website\",\"url\":\"https:\/\/fdhcolombia.com\/\",\"name\":\"Fundacion DH Colombia\",\"description\":\"Helping Colombian children in need\",\"potentialAction\":[{\"@type\":\"SearchAction\",\"target\":{\"@type\":\"EntryPoint\",\"urlTemplate\":\"https:\/\/fdhcolombia.com\/?s={search_term_string}\"},\"query-input\":{\"@type\":\"PropertyValueSpecification\",\"valueRequired\":true,\"valueName\":\"search_term_string\"}}],\"inLanguage\":\"es\"}]}<\/script>\n<!-- \/ Yoast SEO plugin. -->","yoast_head_json":{"title":"Noticias - Fundacion DH Colombia","robots":{"index":"index","follow":"follow","max-snippet":"max-snippet:-1","max-image-preview":"max-image-preview:large","max-video-preview":"max-video-preview:-1"},"canonical":"https:\/\/fdhcolombia.com\/es\/noticias\/","og_locale":"es_ES","og_type":"article","og_title":"Noticias - Fundacion DH Colombia","og_url":"https:\/\/fdhcolombia.com\/es\/noticias\/","og_site_name":"Fundacion DH Colombia","article_modified_time":"2020-04-25T07:55:11+00:00","twitter_card":"summary_large_image","schema":{"@context":"https:\/\/schema.org","@graph":[{"@type":"WebPage","@id":"https:\/\/fdhcolombia.com\/es\/noticias\/","url":"https:\/\/fdhcolombia.com\/es\/noticias\/","name":"Noticias - Fundacion DH Colombia","isPartOf":{"@id":"https:\/\/fdhcolombia.com\/#website"},"datePublished":"2015-04-30T12:44:18+00:00","dateModified":"2020-04-25T07:55:11+00:00","breadcrumb":{"@id":"https:\/\/fdhcolombia.com\/es\/noticias\/#breadcrumb"},"inLanguage":"es","potentialAction":[{"@type":"ReadAction","target":["https:\/\/fdhcolombia.com\/es\/noticias\/"]}]},{"@type":"BreadcrumbList","@id":"https:\/\/fdhcolombia.com\/es\/noticias\/#breadcrumb","itemListElement":[{"@type":"ListItem","position":1,"name":"Home","item":"https:\/\/fdhcolombia.com\/es\/"},{"@type":"ListItem","position":2,"name":"Noticias"}]},{"@type":"WebSite","@id":"https:\/\/fdhcolombia.com\/#website","url":"https:\/\/fdhcolombia.com\/","name":"Fundacion DH Colombia","description":"Helping Colombian children in need","potentialAction":[{"@type":"SearchAction","target":{"@type":"EntryPoint","urlTemplate":"https:\/\/fdhcolombia.com\/?s={search_term_string}"},"query-input":{"@type":"PropertyValueSpecification","valueRequired":true,"valueName":"search_term_string"}}],"inLanguage":"es"}]}},"_links":{"self":[{"href":"https:\/\/fdhcolombia.com\/es\/wp-json\/wp\/v2\/pages\/12605","targetHints":{"allow":["GET"]}}],"collection":[{"href":"https:\/\/fdhcolombia.com\/es\/wp-json\/wp\/v2\/pages"}],"about":[{"href":"https:\/\/fdhcolombia.com\/es\/wp-json\/wp\/v2\/types\/page"}],"author":[{"embeddable":true,"href":"https:\/\/fdhcolombia.com\/es\/wp-json\/wp\/v2\/users\/1"}],"replies":[{"embeddable":true,"href":"https:\/\/fdhcolombia.com\/es\/wp-json\/wp\/v2\/comments?post=12605"}],"version-history":[{"count":1,"href":"https:\/\/fdhcolombia.com\/es\/wp-json\/wp\/v2\/pages\/12605\/revisions"}],"predecessor-version":[{"id":12607,"href":"https:\/\/fdhcolombia.com\/es\/wp-json\/wp\/v2\/pages\/12605\/revisions\/12607"}],"wp:attachment":[{"href":"https:\/\/fdhcolombia.com\/es\/wp-json\/wp\/v2\/media?parent=12605"}],"curies":[{"name":"wp","href":"https:\/\/api.w.org\/{rel}","templated":true}]}}